{"id":71120,"date":"2021-04-08T12:06:08","date_gmt":"2021-04-08T12:06:08","guid":{"rendered":"https:\/\/festivals.fi\/meista\/"},"modified":"2021-10-29T08:04:15","modified_gmt":"2021-10-29T08:04:15","slug":"foreningen","status":"publish","type":"page","link":"https:\/\/festivals.fi\/sv\/foreningen\/","title":{"rendered":"F\u00f6reningen"},"content":{"rendered":"<h2>Finland Festivals<\/h2>\n<p>Finland Festivals samlar under sitt tak de b\u00e4sta festivalerna i Finland som bjuder p\u00e5 toppupplevelser. F\u00f6rutom olika musikgenrer presenterar festivalerna \u00e4ven de mest intressanta namnen inom dans, teater, litteratur, bildkonst, film och \u00e4ven barnkultur. Finland Festivals arbetar f\u00f6r kultur och turism och f\u00f6reningens viktigaste uppgifter \u00e4r att bevaka festivalernas intressen, sk\u00f6ta marknadsf\u00f6ring och information, att samla in uppgifter, forska och ge utbildning. Finland Festivals \u00e4r en icke-vinstdrivande ideell f\u00f6rening.<\/p>\n<p>Finland Festivals st\u00f6djer betingelserna f\u00f6r festivalernas verksamhet och p\u00e5verkar aktivt den g\u00e4llande lagstiftningen. FF f\u00f6rb\u00e4ttrar villkoren f\u00f6r sina medlemmars verksamhet genom att skapa f\u00f6rtroliga f\u00f6rh\u00e5llanden till de instanser som fattar beslut om festivalerna.<\/p>\n<p>FF marknadsf\u00f6r sina festivaler i Finland och utomlands. FF f\u00f6rhandlar om samarbetsavtal f\u00f6r sina medlemmar och utvecklar festivalernas yrkesskicklighet genom att arrangera utbildning, r\u00e5dgivning, networking och id\u00e9smedjor. FF f\u00f6r festivalfolkets talan och \u00e4r den expert och rikhaltiga databank som konsulteras alltid d\u00e5 beslut fattas om betingelserna f\u00f6r festivalernas verksamhet.<\/p>\n","protected":false},"excerpt":{"rendered":"<p>Finland Festivals Finland Festivals samlar under sitt tak de b\u00e4sta festivalerna i Finland som bjuder p\u00e5 toppupplevelser. F\u00f6rutom olika musikgenrer presenterar festivalerna \u00e4ven de mest intressanta namnen inom dans, teater, litteratur, bildkonst, film och \u00e4ven&hellip;<\/p>\n","protected":false},"author":1,"featured_media":151,"parent":0,"menu_order":0,"comment_status":"closed","ping_status":"closed","template":"","meta":{"_acf_changed":false,"footnotes":""},"class_list":["post-71120","page","type-page","status-publish","has-post-thumbnail","hentry"],"acf":[],"yoast_head":"<!-- This site is optimized with the Yoast SEO plugin v27.2 - https:\/\/yoast.com\/product\/yoast-seo-wordpress\/ -->\n<title>F\u00f6reningen - Finland Festivals<\/title>\n<meta name=\"description\" content=\"Finland Festivals Finland Festivals samlar under sitt tak de b\u00e4sta festivalerna i Finland som bjuder p\u00e5 toppupplevelser. F\u00f6rutom olika musikgenrer\" \/>\n<meta name=\"robots\" content=\"index, follow, max-snippet:-1, max-image-preview:large, max-video-preview:-1\" \/>\n<link rel=\"canonical\" href=\"https:\/\/festivals.fi\/sv\/foreningen\/\" \/>\n<meta property=\"og:locale\" content=\"sv_SE\" \/>\n<meta property=\"og:type\" content=\"article\" \/>\n<meta property=\"og:title\" content=\"F\u00f6reningen - Finland Festivals\" \/>\n<meta property=\"og:description\" content=\"Finland Festivals Finland Festivals samlar under sitt tak de b\u00e4sta festivalerna i Finland som bjuder p\u00e5 toppupplevelser. F\u00f6rutom olika musikgenrer\" \/>\n<meta property=\"og:url\" content=\"https:\/\/festivals.fi\/sv\/foreningen\/\" \/>\n<meta property=\"og:site_name\" content=\"Finland Festivals\" \/>\n<meta property=\"article:modified_time\" content=\"2021-10-29T08:04:15+00:00\" \/>\n<meta property=\"og:image\" content=\"https:\/\/festivals.fi\/wp-content\/uploads\/2021\/04\/festivals-yhdistys.jpg\" \/>\n\t<meta property=\"og:image:width\" content=\"1920\" \/>\n\t<meta property=\"og:image:height\" content=\"572\" \/>\n\t<meta property=\"og:image:type\" content=\"image\/jpeg\" \/>\n<meta name=\"twitter:card\" content=\"summary_large_image\" \/>\n<meta name=\"twitter:label1\" content=\"Ber\u00e4knad l\u00e4stid\" \/>\n\t<meta name=\"twitter:data1\" content=\"1 minut\" \/>\n<script type=\"application\/ld+json\" class=\"yoast-schema-graph\">{\"@context\":\"https:\/\/schema.org\",\"@graph\":[{\"@type\":\"WebPage\",\"@id\":\"https:\/\/festivals.fi\/sv\/foreningen\/\",\"url\":\"https:\/\/festivals.fi\/sv\/foreningen\/\",\"name\":\"F\u00f6reningen - Finland Festivals\",\"isPartOf\":{\"@id\":\"https:\/\/festivals.fi\/sv\/#website\"},\"primaryImageOfPage\":{\"@id\":\"https:\/\/festivals.fi\/sv\/foreningen\/#primaryimage\"},\"image\":{\"@id\":\"https:\/\/festivals.fi\/sv\/foreningen\/#primaryimage\"},\"thumbnailUrl\":\"https:\/\/festivals.fi\/wp-content\/uploads\/2021\/04\/festivals-yhdistys.jpg\",\"datePublished\":\"2021-04-08T12:06:08+00:00\",\"dateModified\":\"2021-10-29T08:04:15+00:00\",\"description\":\"Finland Festivals Finland Festivals samlar under sitt tak de b\u00e4sta festivalerna i Finland som bjuder p\u00e5 toppupplevelser. F\u00f6rutom olika musikgenrer\",\"breadcrumb\":{\"@id\":\"https:\/\/festivals.fi\/sv\/foreningen\/#breadcrumb\"},\"inLanguage\":\"sv-SE\",\"potentialAction\":[{\"@type\":\"ReadAction\",\"target\":[\"https:\/\/festivals.fi\/sv\/foreningen\/\"]}]},{\"@type\":\"ImageObject\",\"inLanguage\":\"sv-SE\",\"@id\":\"https:\/\/festivals.fi\/sv\/foreningen\/#primaryimage\",\"url\":\"https:\/\/festivals.fi\/wp-content\/uploads\/2021\/04\/festivals-yhdistys.jpg\",\"contentUrl\":\"https:\/\/festivals.fi\/wp-content\/uploads\/2021\/04\/festivals-yhdistys.jpg\",\"width\":1920,\"height\":572},{\"@type\":\"BreadcrumbList\",\"@id\":\"https:\/\/festivals.fi\/sv\/foreningen\/#breadcrumb\",\"itemListElement\":[{\"@type\":\"ListItem\",\"position\":1,\"name\":\"F\u00f6rsta sidan\",\"item\":\"https:\/\/festivals.fi\/sv\/\"},{\"@type\":\"ListItem\",\"position\":2,\"name\":\"F\u00f6reningen\"}]},{\"@type\":\"WebSite\",\"@id\":\"https:\/\/festivals.fi\/sv\/#website\",\"url\":\"https:\/\/festivals.fi\/sv\/\",\"name\":\"Finland Festivals\",\"description\":\"\",\"potentialAction\":[{\"@type\":\"SearchAction\",\"target\":{\"@type\":\"EntryPoint\",\"urlTemplate\":\"https:\/\/festivals.fi\/sv\/?s={search_term_string}\"},\"query-input\":{\"@type\":\"PropertyValueSpecification\",\"valueRequired\":true,\"valueName\":\"search_term_string\"}}],\"inLanguage\":\"sv-SE\"}]}<\/script>\n<!-- \/ Yoast SEO plugin. -->","yoast_head_json":{"title":"F\u00f6reningen - Finland Festivals","description":"Finland Festivals Finland Festivals samlar under sitt tak de b\u00e4sta festivalerna i Finland som bjuder p\u00e5 toppupplevelser. F\u00f6rutom olika musikgenrer","robots":{"index":"index","follow":"follow","max-snippet":"max-snippet:-1","max-image-preview":"max-image-preview:large","max-video-preview":"max-video-preview:-1"},"canonical":"https:\/\/festivals.fi\/sv\/foreningen\/","og_locale":"sv_SE","og_type":"article","og_title":"F\u00f6reningen - Finland Festivals","og_description":"Finland Festivals Finland Festivals samlar under sitt tak de b\u00e4sta festivalerna i Finland som bjuder p\u00e5 toppupplevelser. F\u00f6rutom olika musikgenrer","og_url":"https:\/\/festivals.fi\/sv\/foreningen\/","og_site_name":"Finland Festivals","article_modified_time":"2021-10-29T08:04:15+00:00","og_image":[{"width":1920,"height":572,"url":"https:\/\/festivals.fi\/wp-content\/uploads\/2021\/04\/festivals-yhdistys.jpg","type":"image\/jpeg"}],"twitter_card":"summary_large_image","twitter_misc":{"Ber\u00e4knad l\u00e4stid":"1 minut"},"schema":{"@context":"https:\/\/schema.org","@graph":[{"@type":"WebPage","@id":"https:\/\/festivals.fi\/sv\/foreningen\/","url":"https:\/\/festivals.fi\/sv\/foreningen\/","name":"F\u00f6reningen - Finland Festivals","isPartOf":{"@id":"https:\/\/festivals.fi\/sv\/#website"},"primaryImageOfPage":{"@id":"https:\/\/festivals.fi\/sv\/foreningen\/#primaryimage"},"image":{"@id":"https:\/\/festivals.fi\/sv\/foreningen\/#primaryimage"},"thumbnailUrl":"https:\/\/festivals.fi\/wp-content\/uploads\/2021\/04\/festivals-yhdistys.jpg","datePublished":"2021-04-08T12:06:08+00:00","dateModified":"2021-10-29T08:04:15+00:00","description":"Finland Festivals Finland Festivals samlar under sitt tak de b\u00e4sta festivalerna i Finland som bjuder p\u00e5 toppupplevelser. F\u00f6rutom olika musikgenrer","breadcrumb":{"@id":"https:\/\/festivals.fi\/sv\/foreningen\/#breadcrumb"},"inLanguage":"sv-SE","potentialAction":[{"@type":"ReadAction","target":["https:\/\/festivals.fi\/sv\/foreningen\/"]}]},{"@type":"ImageObject","inLanguage":"sv-SE","@id":"https:\/\/festivals.fi\/sv\/foreningen\/#primaryimage","url":"https:\/\/festivals.fi\/wp-content\/uploads\/2021\/04\/festivals-yhdistys.jpg","contentUrl":"https:\/\/festivals.fi\/wp-content\/uploads\/2021\/04\/festivals-yhdistys.jpg","width":1920,"height":572},{"@type":"BreadcrumbList","@id":"https:\/\/festivals.fi\/sv\/foreningen\/#breadcrumb","itemListElement":[{"@type":"ListItem","position":1,"name":"F\u00f6rsta sidan","item":"https:\/\/festivals.fi\/sv\/"},{"@type":"ListItem","position":2,"name":"F\u00f6reningen"}]},{"@type":"WebSite","@id":"https:\/\/festivals.fi\/sv\/#website","url":"https:\/\/festivals.fi\/sv\/","name":"Finland Festivals","description":"","potentialAction":[{"@type":"SearchAction","target":{"@type":"EntryPoint","urlTemplate":"https:\/\/festivals.fi\/sv\/?s={search_term_string}"},"query-input":{"@type":"PropertyValueSpecification","valueRequired":true,"valueName":"search_term_string"}}],"inLanguage":"sv-SE"}]}},"_links":{"self":[{"href":"https:\/\/festivals.fi\/sv\/wp-json\/wp\/v2\/pages\/71120","targetHints":{"allow":["GET"]}}],"collection":[{"href":"https:\/\/festivals.fi\/sv\/wp-json\/wp\/v2\/pages"}],"about":[{"href":"https:\/\/festivals.fi\/sv\/wp-json\/wp\/v2\/types\/page"}],"author":[{"embeddable":true,"href":"https:\/\/festivals.fi\/sv\/wp-json\/wp\/v2\/users\/1"}],"replies":[{"embeddable":true,"href":"https:\/\/festivals.fi\/sv\/wp-json\/wp\/v2\/comments?post=71120"}],"version-history":[{"count":4,"href":"https:\/\/festivals.fi\/sv\/wp-json\/wp\/v2\/pages\/71120\/revisions"}],"predecessor-version":[{"id":72941,"href":"https:\/\/festivals.fi\/sv\/wp-json\/wp\/v2\/pages\/71120\/revisions\/72941"}],"wp:featuredmedia":[{"embeddable":true,"href":"https:\/\/festivals.fi\/sv\/wp-json\/wp\/v2\/media\/151"}],"wp:attachment":[{"href":"https:\/\/festivals.fi\/sv\/wp-json\/wp\/v2\/media?parent=71120"}],"curies":[{"name":"wp","href":"https:\/\/api.w.org\/{rel}","templated":true}]}}