{"id":64375,"date":"2021-03-25T13:08:43","date_gmt":"2021-03-25T13:08:43","guid":{"rendered":"https:\/\/festivals.fi\/festivaalit\/"},"modified":"2021-06-24T10:46:58","modified_gmt":"2021-06-24T10:46:58","slug":"festivaler","status":"publish","type":"page","link":"https:\/\/festivals.fi\/sv\/festivaler\/","title":{"rendered":"Festivaler"},"content":{"rendered":"<p>Vilken festival l\u00e4mpar sig b\u00e4st just f\u00f6r dig? F\u00f6redrar du urban milj\u00f6 eller lantlig idyll? Intresserar opera dig mer \u00e4n jazz? Eller \u00e4r en festival f\u00f6r hela familjen ett b\u00e4ttre alternativ?<\/p>\n","protected":false},"excerpt":{"rendered":"<p>Vilken festival l\u00e4mpar sig b\u00e4st just f\u00f6r dig? F\u00f6redrar du urban milj\u00f6 eller lantlig idyll? Intresserar opera dig mer \u00e4n jazz? Eller \u00e4r en festival f\u00f6r hela familjen ett b\u00e4ttre alternativ?<\/p>\n","protected":false},"author":1,"featured_media":0,"parent":0,"menu_order":0,"comment_status":"closed","ping_status":"closed","template":"page-festivals.php","meta":{"_acf_changed":false,"footnotes":""},"class_list":["post-64375","page","type-page","status-publish","hentry"],"acf":[],"yoast_head":"<!-- This site is optimized with the Yoast SEO plugin v27.2 - https:\/\/yoast.com\/product\/yoast-seo-wordpress\/ -->\n<title>Festivaler - Finland Festivals<\/title>\n<meta name=\"description\" content=\"Vilken festival l\u00e4mpar sig b\u00e4st just f\u00f6r dig? F\u00f6redrar du urban milj\u00f6 eller lantlig idyll? Intresserar opera dig mer \u00e4n jazz? Eller \u00e4r en festival f\u00f6r\" \/>\n<meta name=\"robots\" content=\"index, follow, max-snippet:-1, max-image-preview:large, max-video-preview:-1\" \/>\n<link rel=\"canonical\" href=\"https:\/\/festivals.fi\/sv\/festivaler\/\" \/>\n<meta property=\"og:locale\" content=\"sv_SE\" \/>\n<meta property=\"og:type\" content=\"article\" \/>\n<meta property=\"og:title\" content=\"Festivaler - Finland Festivals\" \/>\n<meta property=\"og:description\" content=\"Vilken festival l\u00e4mpar sig b\u00e4st just f\u00f6r dig? F\u00f6redrar du urban milj\u00f6 eller lantlig idyll? Intresserar opera dig mer \u00e4n jazz? Eller \u00e4r en festival f\u00f6r\" \/>\n<meta property=\"og:url\" content=\"https:\/\/festivals.fi\/sv\/festivaler\/\" \/>\n<meta property=\"og:site_name\" content=\"Finland Festivals\" \/>\n<meta property=\"article:modified_time\" content=\"2021-06-24T10:46:58+00:00\" \/>\n<meta property=\"og:image\" content=\"https:\/\/festivals.fi\/wp-content\/uploads\/2021\/10\/OG_festivals.jpg\" \/>\n\t<meta property=\"og:image:width\" content=\"1200\" \/>\n\t<meta property=\"og:image:height\" content=\"630\" \/>\n\t<meta property=\"og:image:type\" content=\"image\/jpeg\" \/>\n<meta name=\"twitter:card\" content=\"summary_large_image\" \/>\n<script type=\"application\/ld+json\" class=\"yoast-schema-graph\">{\"@context\":\"https:\/\/schema.org\",\"@graph\":[{\"@type\":\"WebPage\",\"@id\":\"https:\/\/festivals.fi\/sv\/festivaler\/\",\"url\":\"https:\/\/festivals.fi\/sv\/festivaler\/\",\"name\":\"Festivaler - Finland Festivals\",\"isPartOf\":{\"@id\":\"https:\/\/festivals.fi\/sv\/#website\"},\"datePublished\":\"2021-03-25T13:08:43+00:00\",\"dateModified\":\"2021-06-24T10:46:58+00:00\",\"description\":\"Vilken festival l\u00e4mpar sig b\u00e4st just f\u00f6r dig? F\u00f6redrar du urban milj\u00f6 eller lantlig idyll? Intresserar opera dig mer \u00e4n jazz? Eller \u00e4r en festival f\u00f6r\",\"breadcrumb\":{\"@id\":\"https:\/\/festivals.fi\/sv\/festivaler\/#breadcrumb\"},\"inLanguage\":\"sv-SE\",\"potentialAction\":[{\"@type\":\"ReadAction\",\"target\":[\"https:\/\/festivals.fi\/sv\/festivaler\/\"]}]},{\"@type\":\"BreadcrumbList\",\"@id\":\"https:\/\/festivals.fi\/sv\/festivaler\/#breadcrumb\",\"itemListElement\":[{\"@type\":\"ListItem\",\"position\":1,\"name\":\"F\u00f6rsta sidan\",\"item\":\"https:\/\/festivals.fi\/sv\/\"},{\"@type\":\"ListItem\",\"position\":2,\"name\":\"Festivaler\"}]},{\"@type\":\"WebSite\",\"@id\":\"https:\/\/festivals.fi\/sv\/#website\",\"url\":\"https:\/\/festivals.fi\/sv\/\",\"name\":\"Finland Festivals\",\"description\":\"\",\"potentialAction\":[{\"@type\":\"SearchAction\",\"target\":{\"@type\":\"EntryPoint\",\"urlTemplate\":\"https:\/\/festivals.fi\/sv\/?s={search_term_string}\"},\"query-input\":{\"@type\":\"PropertyValueSpecification\",\"valueRequired\":true,\"valueName\":\"search_term_string\"}}],\"inLanguage\":\"sv-SE\"}]}<\/script>\n<!-- \/ Yoast SEO plugin. -->","yoast_head_json":{"title":"Festivaler - Finland Festivals","description":"Vilken festival l\u00e4mpar sig b\u00e4st just f\u00f6r dig? F\u00f6redrar du urban milj\u00f6 eller lantlig idyll? Intresserar opera dig mer \u00e4n jazz? Eller \u00e4r en festival f\u00f6r","robots":{"index":"index","follow":"follow","max-snippet":"max-snippet:-1","max-image-preview":"max-image-preview:large","max-video-preview":"max-video-preview:-1"},"canonical":"https:\/\/festivals.fi\/sv\/festivaler\/","og_locale":"sv_SE","og_type":"article","og_title":"Festivaler - Finland Festivals","og_description":"Vilken festival l\u00e4mpar sig b\u00e4st just f\u00f6r dig? F\u00f6redrar du urban milj\u00f6 eller lantlig idyll? Intresserar opera dig mer \u00e4n jazz? Eller \u00e4r en festival f\u00f6r","og_url":"https:\/\/festivals.fi\/sv\/festivaler\/","og_site_name":"Finland Festivals","article_modified_time":"2021-06-24T10:46:58+00:00","og_image":[{"width":1200,"height":630,"url":"https:\/\/festivals.fi\/wp-content\/uploads\/2021\/10\/OG_festivals.jpg","type":"image\/jpeg"}],"twitter_card":"summary_large_image","schema":{"@context":"https:\/\/schema.org","@graph":[{"@type":"WebPage","@id":"https:\/\/festivals.fi\/sv\/festivaler\/","url":"https:\/\/festivals.fi\/sv\/festivaler\/","name":"Festivaler - Finland Festivals","isPartOf":{"@id":"https:\/\/festivals.fi\/sv\/#website"},"datePublished":"2021-03-25T13:08:43+00:00","dateModified":"2021-06-24T10:46:58+00:00","description":"Vilken festival l\u00e4mpar sig b\u00e4st just f\u00f6r dig? F\u00f6redrar du urban milj\u00f6 eller lantlig idyll? Intresserar opera dig mer \u00e4n jazz? Eller \u00e4r en festival f\u00f6r","breadcrumb":{"@id":"https:\/\/festivals.fi\/sv\/festivaler\/#breadcrumb"},"inLanguage":"sv-SE","potentialAction":[{"@type":"ReadAction","target":["https:\/\/festivals.fi\/sv\/festivaler\/"]}]},{"@type":"BreadcrumbList","@id":"https:\/\/festivals.fi\/sv\/festivaler\/#breadcrumb","itemListElement":[{"@type":"ListItem","position":1,"name":"F\u00f6rsta sidan","item":"https:\/\/festivals.fi\/sv\/"},{"@type":"ListItem","position":2,"name":"Festivaler"}]},{"@type":"WebSite","@id":"https:\/\/festivals.fi\/sv\/#website","url":"https:\/\/festivals.fi\/sv\/","name":"Finland Festivals","description":"","potentialAction":[{"@type":"SearchAction","target":{"@type":"EntryPoint","urlTemplate":"https:\/\/festivals.fi\/sv\/?s={search_term_string}"},"query-input":{"@type":"PropertyValueSpecification","valueRequired":true,"valueName":"search_term_string"}}],"inLanguage":"sv-SE"}]}},"_links":{"self":[{"href":"https:\/\/festivals.fi\/sv\/wp-json\/wp\/v2\/pages\/64375","targetHints":{"allow":["GET"]}}],"collection":[{"href":"https:\/\/festivals.fi\/sv\/wp-json\/wp\/v2\/pages"}],"about":[{"href":"https:\/\/festivals.fi\/sv\/wp-json\/wp\/v2\/types\/page"}],"author":[{"embeddable":true,"href":"https:\/\/festivals.fi\/sv\/wp-json\/wp\/v2\/users\/1"}],"replies":[{"embeddable":true,"href":"https:\/\/festivals.fi\/sv\/wp-json\/wp\/v2\/comments?post=64375"}],"version-history":[{"count":1,"href":"https:\/\/festivals.fi\/sv\/wp-json\/wp\/v2\/pages\/64375\/revisions"}],"predecessor-version":[{"id":64376,"href":"https:\/\/festivals.fi\/sv\/wp-json\/wp\/v2\/pages\/64375\/revisions\/64376"}],"wp:attachment":[{"href":"https:\/\/festivals.fi\/sv\/wp-json\/wp\/v2\/media?parent=64375"}],"curies":[{"name":"wp","href":"https:\/\/api.w.org\/{rel}","templated":true}]}}