{"id":71116,"date":"2021-04-08T12:06:08","date_gmt":"2021-04-08T12:06:08","guid":{"rendered":"https:\/\/festivals.fi\/meista\/"},"modified":"2021-10-29T08:02:51","modified_gmt":"2021-10-29T08:02:51","slug":"association","status":"publish","type":"page","link":"https:\/\/festivals.fi\/fr\/association\/","title":{"rendered":"Association"},"content":{"rendered":"<h2>Finland Festivals<\/h2>\n<p>Finland Festivals est une organisation fa\u00eeti\u00e8re dont la grande exp\u00e9rience lui permet de vous orienter vers les festivals de Finlande les meilleurs. Outre les diff\u00e9rents genres musicaux, FF vous propose les artistes les plus en vue du monde de la danse, du th\u00e9\u00e2tre, de la litt\u00e9rature, des arts plastiques, du cin\u00e9ma ainsi que de la culture pour les enfants. FF est actif au plan culturel et touristique et ses missions principales sont la d\u00e9fense des int\u00e9r\u00eats des festivals, le marketing et la diffusion, la collecte d\u2019informations, la recherche et la formation. FF est une association p\u00f4le de r\u00e9flexion \u00e0 but non lucratif.<\/p>\n<p>FF veille aux conditions de fonctionnement des festivals et influe activement sur la l\u00e9gislation relative au secteur. FF am\u00e9liore l\u2019environnement de travail de ses membres en cr\u00e9ant des relations de confiance avec les milieux o\u00f9 sont prises les d\u00e9cisions concernant les festivals.<\/p>\n<p>FF se charge en Finlande et \u00e0 l\u2019\u00e9tranger du marketing des festivals. FF n\u00e9gocie les contrats de coop\u00e9ration pour ses membres et d\u00e9veloppe le savoir faire des festivals en organisant formation et conseil, tout en favorisant le r\u00e9seautage et le surgissement d\u2019id\u00e9es. FF entend \u00eatre la voix des festivals, leur expert et leur incontournable banque de donn\u00e9es, bref un savoir faire auquel recourir chaque fois que sont prises des d\u00e9cisions concernant les conditions de fonctionnement des festivals.<\/p>\n","protected":false},"excerpt":{"rendered":"<p>Finland Festivals Finland Festivals est une organisation fa\u00eeti\u00e8re dont la grande exp\u00e9rience lui permet de vous orienter vers les festivals de Finlande les meilleurs. Outre les diff\u00e9rents genres musicaux, FF vous propose les artistes les&hellip;<\/p>\n","protected":false},"author":1,"featured_media":147,"parent":0,"menu_order":0,"comment_status":"closed","ping_status":"closed","template":"","meta":{"_acf_changed":false,"footnotes":""},"class_list":["post-71116","page","type-page","status-publish","has-post-thumbnail","hentry"],"acf":[],"yoast_head":"<!-- This site is optimized with the Yoast SEO plugin v27.2 - https:\/\/yoast.com\/product\/yoast-seo-wordpress\/ -->\n<title>Association - Finland Festivals<\/title>\n<meta name=\"description\" content=\"Finland Festivals Finland Festivals est une organisation fa\u00eeti\u00e8re dont la grande exp\u00e9rience lui permet de vous orienter vers les festivals de Finlande les\" \/>\n<meta name=\"robots\" content=\"index, follow, max-snippet:-1, max-image-preview:large, max-video-preview:-1\" \/>\n<link rel=\"canonical\" href=\"https:\/\/festivals.fi\/fr\/association\/\" \/>\n<meta property=\"og:locale\" content=\"fr_FR\" \/>\n<meta property=\"og:type\" content=\"article\" \/>\n<meta property=\"og:title\" content=\"Association - Finland Festivals\" \/>\n<meta property=\"og:description\" content=\"Finland Festivals Finland Festivals est une organisation fa\u00eeti\u00e8re dont la grande exp\u00e9rience lui permet de vous orienter vers les festivals de Finlande les\" \/>\n<meta property=\"og:url\" content=\"https:\/\/festivals.fi\/fr\/association\/\" \/>\n<meta property=\"og:site_name\" content=\"Finland Festivals\" \/>\n<meta property=\"article:modified_time\" content=\"2021-10-29T08:02:51+00:00\" \/>\n<meta property=\"og:image\" content=\"https:\/\/festivals.fi\/wp-content\/uploads\/2021\/04\/festivals-yhdistys.jpg\" \/>\n\t<meta property=\"og:image:width\" content=\"1920\" \/>\n\t<meta property=\"og:image:height\" content=\"572\" \/>\n\t<meta property=\"og:image:type\" content=\"image\/jpeg\" \/>\n<meta name=\"twitter:card\" content=\"summary_large_image\" \/>\n<meta name=\"twitter:label1\" content=\"Dur\u00e9e de lecture estim\u00e9e\" \/>\n\t<meta name=\"twitter:data1\" content=\"1 minute\" \/>\n<script type=\"application\/ld+json\" class=\"yoast-schema-graph\">{\"@context\":\"https:\/\/schema.org\",\"@graph\":[{\"@type\":\"WebPage\",\"@id\":\"https:\/\/festivals.fi\/fr\/association\/\",\"url\":\"https:\/\/festivals.fi\/fr\/association\/\",\"name\":\"Association - Finland Festivals\",\"isPartOf\":{\"@id\":\"https:\/\/festivals.fi\/fr\/#website\"},\"primaryImageOfPage\":{\"@id\":\"https:\/\/festivals.fi\/fr\/association\/#primaryimage\"},\"image\":{\"@id\":\"https:\/\/festivals.fi\/fr\/association\/#primaryimage\"},\"thumbnailUrl\":\"https:\/\/festivals.fi\/wp-content\/uploads\/2021\/04\/festivals-yhdistys.jpg\",\"datePublished\":\"2021-04-08T12:06:08+00:00\",\"dateModified\":\"2021-10-29T08:02:51+00:00\",\"description\":\"Finland Festivals Finland Festivals est une organisation fa\u00eeti\u00e8re dont la grande exp\u00e9rience lui permet de vous orienter vers les festivals de Finlande les\",\"breadcrumb\":{\"@id\":\"https:\/\/festivals.fi\/fr\/association\/#breadcrumb\"},\"inLanguage\":\"fr-FR\",\"potentialAction\":[{\"@type\":\"ReadAction\",\"target\":[\"https:\/\/festivals.fi\/fr\/association\/\"]}]},{\"@type\":\"ImageObject\",\"inLanguage\":\"fr-FR\",\"@id\":\"https:\/\/festivals.fi\/fr\/association\/#primaryimage\",\"url\":\"https:\/\/festivals.fi\/wp-content\/uploads\/2021\/04\/festivals-yhdistys.jpg\",\"contentUrl\":\"https:\/\/festivals.fi\/wp-content\/uploads\/2021\/04\/festivals-yhdistys.jpg\",\"width\":1920,\"height\":572},{\"@type\":\"BreadcrumbList\",\"@id\":\"https:\/\/festivals.fi\/fr\/association\/#breadcrumb\",\"itemListElement\":[{\"@type\":\"ListItem\",\"position\":1,\"name\":\"Page d\u2019accueil\",\"item\":\"https:\/\/festivals.fi\/fr\/\"},{\"@type\":\"ListItem\",\"position\":2,\"name\":\"Association\"}]},{\"@type\":\"WebSite\",\"@id\":\"https:\/\/festivals.fi\/fr\/#website\",\"url\":\"https:\/\/festivals.fi\/fr\/\",\"name\":\"Finland Festivals\",\"description\":\"\",\"potentialAction\":[{\"@type\":\"SearchAction\",\"target\":{\"@type\":\"EntryPoint\",\"urlTemplate\":\"https:\/\/festivals.fi\/fr\/?s={search_term_string}\"},\"query-input\":{\"@type\":\"PropertyValueSpecification\",\"valueRequired\":true,\"valueName\":\"search_term_string\"}}],\"inLanguage\":\"fr-FR\"}]}<\/script>\n<!-- \/ Yoast SEO plugin. -->","yoast_head_json":{"title":"Association - Finland Festivals","description":"Finland Festivals Finland Festivals est une organisation fa\u00eeti\u00e8re dont la grande exp\u00e9rience lui permet de vous orienter vers les festivals de Finlande les","robots":{"index":"index","follow":"follow","max-snippet":"max-snippet:-1","max-image-preview":"max-image-preview:large","max-video-preview":"max-video-preview:-1"},"canonical":"https:\/\/festivals.fi\/fr\/association\/","og_locale":"fr_FR","og_type":"article","og_title":"Association - Finland Festivals","og_description":"Finland Festivals Finland Festivals est une organisation fa\u00eeti\u00e8re dont la grande exp\u00e9rience lui permet de vous orienter vers les festivals de Finlande les","og_url":"https:\/\/festivals.fi\/fr\/association\/","og_site_name":"Finland Festivals","article_modified_time":"2021-10-29T08:02:51+00:00","og_image":[{"width":1920,"height":572,"url":"https:\/\/festivals.fi\/wp-content\/uploads\/2021\/04\/festivals-yhdistys.jpg","type":"image\/jpeg"}],"twitter_card":"summary_large_image","twitter_misc":{"Dur\u00e9e de lecture estim\u00e9e":"1 minute"},"schema":{"@context":"https:\/\/schema.org","@graph":[{"@type":"WebPage","@id":"https:\/\/festivals.fi\/fr\/association\/","url":"https:\/\/festivals.fi\/fr\/association\/","name":"Association - Finland Festivals","isPartOf":{"@id":"https:\/\/festivals.fi\/fr\/#website"},"primaryImageOfPage":{"@id":"https:\/\/festivals.fi\/fr\/association\/#primaryimage"},"image":{"@id":"https:\/\/festivals.fi\/fr\/association\/#primaryimage"},"thumbnailUrl":"https:\/\/festivals.fi\/wp-content\/uploads\/2021\/04\/festivals-yhdistys.jpg","datePublished":"2021-04-08T12:06:08+00:00","dateModified":"2021-10-29T08:02:51+00:00","description":"Finland Festivals Finland Festivals est une organisation fa\u00eeti\u00e8re dont la grande exp\u00e9rience lui permet de vous orienter vers les festivals de Finlande les","breadcrumb":{"@id":"https:\/\/festivals.fi\/fr\/association\/#breadcrumb"},"inLanguage":"fr-FR","potentialAction":[{"@type":"ReadAction","target":["https:\/\/festivals.fi\/fr\/association\/"]}]},{"@type":"ImageObject","inLanguage":"fr-FR","@id":"https:\/\/festivals.fi\/fr\/association\/#primaryimage","url":"https:\/\/festivals.fi\/wp-content\/uploads\/2021\/04\/festivals-yhdistys.jpg","contentUrl":"https:\/\/festivals.fi\/wp-content\/uploads\/2021\/04\/festivals-yhdistys.jpg","width":1920,"height":572},{"@type":"BreadcrumbList","@id":"https:\/\/festivals.fi\/fr\/association\/#breadcrumb","itemListElement":[{"@type":"ListItem","position":1,"name":"Page d\u2019accueil","item":"https:\/\/festivals.fi\/fr\/"},{"@type":"ListItem","position":2,"name":"Association"}]},{"@type":"WebSite","@id":"https:\/\/festivals.fi\/fr\/#website","url":"https:\/\/festivals.fi\/fr\/","name":"Finland Festivals","description":"","potentialAction":[{"@type":"SearchAction","target":{"@type":"EntryPoint","urlTemplate":"https:\/\/festivals.fi\/fr\/?s={search_term_string}"},"query-input":{"@type":"PropertyValueSpecification","valueRequired":true,"valueName":"search_term_string"}}],"inLanguage":"fr-FR"}]}},"_links":{"self":[{"href":"https:\/\/festivals.fi\/fr\/wp-json\/wp\/v2\/pages\/71116","targetHints":{"allow":["GET"]}}],"collection":[{"href":"https:\/\/festivals.fi\/fr\/wp-json\/wp\/v2\/pages"}],"about":[{"href":"https:\/\/festivals.fi\/fr\/wp-json\/wp\/v2\/types\/page"}],"author":[{"embeddable":true,"href":"https:\/\/festivals.fi\/fr\/wp-json\/wp\/v2\/users\/1"}],"replies":[{"embeddable":true,"href":"https:\/\/festivals.fi\/fr\/wp-json\/wp\/v2\/comments?post=71116"}],"version-history":[{"count":4,"href":"https:\/\/festivals.fi\/fr\/wp-json\/wp\/v2\/pages\/71116\/revisions"}],"predecessor-version":[{"id":72937,"href":"https:\/\/festivals.fi\/fr\/wp-json\/wp\/v2\/pages\/71116\/revisions\/72937"}],"wp:featuredmedia":[{"embeddable":true,"href":"https:\/\/festivals.fi\/fr\/wp-json\/wp\/v2\/media\/147"}],"wp:attachment":[{"href":"https:\/\/festivals.fi\/fr\/wp-json\/wp\/v2\/media?parent=71116"}],"curies":[{"name":"wp","href":"https:\/\/api.w.org\/{rel}","templated":true}]}}