{"id":64371,"date":"2021-03-25T13:08:43","date_gmt":"2021-03-25T13:08:43","guid":{"rendered":"https:\/\/festivals.fi\/festivaalit\/"},"modified":"2021-06-24T10:48:46","modified_gmt":"2021-06-24T10:48:46","slug":"festivals","status":"publish","type":"page","link":"https:\/\/festivals.fi\/fr\/festivals\/","title":{"rendered":"Festivals"},"content":{"rendered":"<p>Quel genre de festival vous int\u00e9resse en particulier? \u00cates-vous attir\u00e9 par l\u2019animation des villes ou par la paix des campagnes? Vous int\u00e9ressez-vous davantage \u00e0 l\u2019op\u00e9ra ou au jazz, ou votre option serait plut\u00f4t un festival pour toute la famille?<\/p>\n","protected":false},"excerpt":{"rendered":"<p>Quel genre de festival vous int\u00e9resse en particulier? \u00cates-vous attir\u00e9 par l\u2019animation des villes ou par la paix des campagnes? Vous int\u00e9ressez-vous davantage \u00e0 l\u2019op\u00e9ra ou au jazz, ou votre option serait plut\u00f4t un festival&hellip;<\/p>\n","protected":false},"author":1,"featured_media":0,"parent":0,"menu_order":0,"comment_status":"closed","ping_status":"closed","template":"page-festivals.php","meta":{"_acf_changed":false,"footnotes":""},"class_list":["post-64371","page","type-page","status-publish","hentry"],"acf":[],"yoast_head":"<!-- This site is optimized with the Yoast SEO plugin v27.2 - https:\/\/yoast.com\/product\/yoast-seo-wordpress\/ -->\n<title>Festivals - Finland Festivals<\/title>\n<meta name=\"description\" content=\"Quel genre de festival vous int\u00e9resse en particulier? \u00cates-vous attir\u00e9 par l\u2019animation des villes ou par la paix des campagnes? Vous int\u00e9ressez-vous\" \/>\n<meta name=\"robots\" content=\"index, follow, max-snippet:-1, max-image-preview:large, max-video-preview:-1\" \/>\n<link rel=\"canonical\" href=\"https:\/\/festivals.fi\/fr\/festivals\/\" \/>\n<meta property=\"og:locale\" content=\"fr_FR\" \/>\n<meta property=\"og:type\" content=\"article\" \/>\n<meta property=\"og:title\" content=\"Festivals - Finland Festivals\" \/>\n<meta property=\"og:description\" content=\"Quel genre de festival vous int\u00e9resse en particulier? \u00cates-vous attir\u00e9 par l\u2019animation des villes ou par la paix des campagnes? Vous int\u00e9ressez-vous\" \/>\n<meta property=\"og:url\" content=\"https:\/\/festivals.fi\/fr\/festivals\/\" \/>\n<meta property=\"og:site_name\" content=\"Finland Festivals\" \/>\n<meta property=\"article:modified_time\" content=\"2021-06-24T10:48:46+00:00\" \/>\n<meta property=\"og:image\" content=\"https:\/\/festivals.fi\/wp-content\/uploads\/2021\/10\/OG_festivals.jpg\" \/>\n\t<meta property=\"og:image:width\" content=\"1200\" \/>\n\t<meta property=\"og:image:height\" content=\"630\" \/>\n\t<meta property=\"og:image:type\" content=\"image\/jpeg\" \/>\n<meta name=\"twitter:card\" content=\"summary_large_image\" \/>\n<script type=\"application\/ld+json\" class=\"yoast-schema-graph\">{\"@context\":\"https:\/\/schema.org\",\"@graph\":[{\"@type\":\"WebPage\",\"@id\":\"https:\/\/festivals.fi\/fr\/festivals\/\",\"url\":\"https:\/\/festivals.fi\/fr\/festivals\/\",\"name\":\"Festivals - Finland Festivals\",\"isPartOf\":{\"@id\":\"https:\/\/festivals.fi\/fr\/#website\"},\"datePublished\":\"2021-03-25T13:08:43+00:00\",\"dateModified\":\"2021-06-24T10:48:46+00:00\",\"description\":\"Quel genre de festival vous int\u00e9resse en particulier? \u00cates-vous attir\u00e9 par l\u2019animation des villes ou par la paix des campagnes? Vous int\u00e9ressez-vous\",\"breadcrumb\":{\"@id\":\"https:\/\/festivals.fi\/fr\/festivals\/#breadcrumb\"},\"inLanguage\":\"fr-FR\",\"potentialAction\":[{\"@type\":\"ReadAction\",\"target\":[\"https:\/\/festivals.fi\/fr\/festivals\/\"]}]},{\"@type\":\"BreadcrumbList\",\"@id\":\"https:\/\/festivals.fi\/fr\/festivals\/#breadcrumb\",\"itemListElement\":[{\"@type\":\"ListItem\",\"position\":1,\"name\":\"Page d\u2019accueil\",\"item\":\"https:\/\/festivals.fi\/fr\/\"},{\"@type\":\"ListItem\",\"position\":2,\"name\":\"Festivals\"}]},{\"@type\":\"WebSite\",\"@id\":\"https:\/\/festivals.fi\/fr\/#website\",\"url\":\"https:\/\/festivals.fi\/fr\/\",\"name\":\"Finland Festivals\",\"description\":\"\",\"potentialAction\":[{\"@type\":\"SearchAction\",\"target\":{\"@type\":\"EntryPoint\",\"urlTemplate\":\"https:\/\/festivals.fi\/fr\/?s={search_term_string}\"},\"query-input\":{\"@type\":\"PropertyValueSpecification\",\"valueRequired\":true,\"valueName\":\"search_term_string\"}}],\"inLanguage\":\"fr-FR\"}]}<\/script>\n<!-- \/ Yoast SEO plugin. -->","yoast_head_json":{"title":"Festivals - Finland Festivals","description":"Quel genre de festival vous int\u00e9resse en particulier? \u00cates-vous attir\u00e9 par l\u2019animation des villes ou par la paix des campagnes? Vous int\u00e9ressez-vous","robots":{"index":"index","follow":"follow","max-snippet":"max-snippet:-1","max-image-preview":"max-image-preview:large","max-video-preview":"max-video-preview:-1"},"canonical":"https:\/\/festivals.fi\/fr\/festivals\/","og_locale":"fr_FR","og_type":"article","og_title":"Festivals - Finland Festivals","og_description":"Quel genre de festival vous int\u00e9resse en particulier? \u00cates-vous attir\u00e9 par l\u2019animation des villes ou par la paix des campagnes? Vous int\u00e9ressez-vous","og_url":"https:\/\/festivals.fi\/fr\/festivals\/","og_site_name":"Finland Festivals","article_modified_time":"2021-06-24T10:48:46+00:00","og_image":[{"width":1200,"height":630,"url":"https:\/\/festivals.fi\/wp-content\/uploads\/2021\/10\/OG_festivals.jpg","type":"image\/jpeg"}],"twitter_card":"summary_large_image","schema":{"@context":"https:\/\/schema.org","@graph":[{"@type":"WebPage","@id":"https:\/\/festivals.fi\/fr\/festivals\/","url":"https:\/\/festivals.fi\/fr\/festivals\/","name":"Festivals - Finland Festivals","isPartOf":{"@id":"https:\/\/festivals.fi\/fr\/#website"},"datePublished":"2021-03-25T13:08:43+00:00","dateModified":"2021-06-24T10:48:46+00:00","description":"Quel genre de festival vous int\u00e9resse en particulier? \u00cates-vous attir\u00e9 par l\u2019animation des villes ou par la paix des campagnes? Vous int\u00e9ressez-vous","breadcrumb":{"@id":"https:\/\/festivals.fi\/fr\/festivals\/#breadcrumb"},"inLanguage":"fr-FR","potentialAction":[{"@type":"ReadAction","target":["https:\/\/festivals.fi\/fr\/festivals\/"]}]},{"@type":"BreadcrumbList","@id":"https:\/\/festivals.fi\/fr\/festivals\/#breadcrumb","itemListElement":[{"@type":"ListItem","position":1,"name":"Page d\u2019accueil","item":"https:\/\/festivals.fi\/fr\/"},{"@type":"ListItem","position":2,"name":"Festivals"}]},{"@type":"WebSite","@id":"https:\/\/festivals.fi\/fr\/#website","url":"https:\/\/festivals.fi\/fr\/","name":"Finland Festivals","description":"","potentialAction":[{"@type":"SearchAction","target":{"@type":"EntryPoint","urlTemplate":"https:\/\/festivals.fi\/fr\/?s={search_term_string}"},"query-input":{"@type":"PropertyValueSpecification","valueRequired":true,"valueName":"search_term_string"}}],"inLanguage":"fr-FR"}]}},"_links":{"self":[{"href":"https:\/\/festivals.fi\/fr\/wp-json\/wp\/v2\/pages\/64371","targetHints":{"allow":["GET"]}}],"collection":[{"href":"https:\/\/festivals.fi\/fr\/wp-json\/wp\/v2\/pages"}],"about":[{"href":"https:\/\/festivals.fi\/fr\/wp-json\/wp\/v2\/types\/page"}],"author":[{"embeddable":true,"href":"https:\/\/festivals.fi\/fr\/wp-json\/wp\/v2\/users\/1"}],"replies":[{"embeddable":true,"href":"https:\/\/festivals.fi\/fr\/wp-json\/wp\/v2\/comments?post=64371"}],"version-history":[{"count":1,"href":"https:\/\/festivals.fi\/fr\/wp-json\/wp\/v2\/pages\/64371\/revisions"}],"predecessor-version":[{"id":64378,"href":"https:\/\/festivals.fi\/fr\/wp-json\/wp\/v2\/pages\/64371\/revisions\/64378"}],"wp:attachment":[{"href":"https:\/\/festivals.fi\/fr\/wp-json\/wp\/v2\/media?parent=64371"}],"curies":[{"name":"wp","href":"https:\/\/api.w.org\/{rel}","templated":true}]}}