{"id":64361,"date":"2021-02-26T12:40:03","date_gmt":"2021-02-26T12:40:03","guid":{"rendered":"https:\/\/festivals.fi\/sample-page\/"},"modified":"2021-10-26T12:22:02","modified_gmt":"2021-10-26T12:22:02","slug":"sample-page","status":"publish","type":"page","link":"https:\/\/festivals.fi\/fr\/","title":{"rendered":"Page d\u2019accueil"},"content":{"rendered":"<p>Finland Festivals est une organisation fa\u00eeti\u00e8re dont la grande exp\u00e9rience lui permet de vous orienter vers les festivals de Finlande les meilleurs. Outre les diff\u00e9rents genres musicaux, FF vous propose les artistes les plus en vue du monde de la danse, du th\u00e9\u00e2tre, de la litt\u00e9rature, des arts plastiques, du cin\u00e9ma ainsi que de la culture pour les enfants.<\/p>\n","protected":false},"excerpt":{"rendered":"<p>Finland Festivals est une organisation fa\u00eeti\u00e8re dont la grande exp\u00e9rience lui permet de vous orienter vers les festivals de Finlande les meilleurs. Outre les diff\u00e9rents genres musicaux, FF vous propose les artistes les plus en&hellip;<\/p>\n","protected":false},"author":1,"featured_media":0,"parent":0,"menu_order":0,"comment_status":"closed","ping_status":"open","template":"","meta":{"_acf_changed":false,"footnotes":""},"class_list":["post-64361","page","type-page","status-publish","hentry"],"acf":[],"yoast_head":"<!-- This site is optimized with the Yoast SEO plugin v27.2 - https:\/\/yoast.com\/product\/yoast-seo-wordpress\/ -->\n<title>Page d\u2019accueil - Finland Festivals<\/title>\n<meta name=\"description\" content=\"Finland Festivals est une organisation fa\u00eeti\u00e8re dont la grande exp\u00e9rience lui permet de vous orienter vers les festivals de Finlande les meilleurs. Outre\" \/>\n<meta name=\"robots\" content=\"index, follow, max-snippet:-1, max-image-preview:large, max-video-preview:-1\" \/>\n<link rel=\"canonical\" href=\"https:\/\/festivals.fi\/fr\/\" \/>\n<meta property=\"og:locale\" content=\"fr_FR\" \/>\n<meta property=\"og:type\" content=\"article\" \/>\n<meta property=\"og:title\" content=\"Page d\u2019accueil - Finland Festivals\" \/>\n<meta property=\"og:description\" content=\"Finland Festivals est une organisation fa\u00eeti\u00e8re dont la grande exp\u00e9rience lui permet de vous orienter vers les festivals de Finlande les meilleurs. Outre\" \/>\n<meta property=\"og:url\" content=\"https:\/\/festivals.fi\/fr\/\" \/>\n<meta property=\"og:site_name\" content=\"Finland Festivals\" \/>\n<meta property=\"article:modified_time\" content=\"2021-10-26T12:22:02+00:00\" \/>\n<meta property=\"og:image\" content=\"https:\/\/festivals.fi\/wp-content\/uploads\/2021\/10\/OG_festivals.jpg\" \/>\n\t<meta property=\"og:image:width\" content=\"1200\" \/>\n\t<meta property=\"og:image:height\" content=\"630\" \/>\n\t<meta property=\"og:image:type\" content=\"image\/jpeg\" \/>\n<meta name=\"twitter:card\" content=\"summary_large_image\" \/>\n<script type=\"application\/ld+json\" class=\"yoast-schema-graph\">{\"@context\":\"https:\/\/schema.org\",\"@graph\":[{\"@type\":\"WebPage\",\"@id\":\"https:\/\/festivals.fi\/fr\/\",\"url\":\"https:\/\/festivals.fi\/fr\/\",\"name\":\"Page d\u2019accueil - Finland Festivals\",\"isPartOf\":{\"@id\":\"https:\/\/festivals.fi\/fr\/#website\"},\"datePublished\":\"2021-02-26T12:40:03+00:00\",\"dateModified\":\"2021-10-26T12:22:02+00:00\",\"description\":\"Finland Festivals est une organisation fa\u00eeti\u00e8re dont la grande exp\u00e9rience lui permet de vous orienter vers les festivals de Finlande les meilleurs. Outre\",\"breadcrumb\":{\"@id\":\"https:\/\/festivals.fi\/fr\/#breadcrumb\"},\"inLanguage\":\"fr-FR\",\"potentialAction\":[{\"@type\":\"ReadAction\",\"target\":[\"https:\/\/festivals.fi\/fr\/\"]}]},{\"@type\":\"BreadcrumbList\",\"@id\":\"https:\/\/festivals.fi\/fr\/#breadcrumb\",\"itemListElement\":[{\"@type\":\"ListItem\",\"position\":1,\"name\":\"Page d\u2019accueil\",\"item\":\"https:\/\/festivals.fi\/fr\/\"},{\"@type\":\"ListItem\",\"position\":2,\"name\":\"Page d\u2019accueil\"}]},{\"@type\":\"WebSite\",\"@id\":\"https:\/\/festivals.fi\/fr\/#website\",\"url\":\"https:\/\/festivals.fi\/fr\/\",\"name\":\"Finland Festivals\",\"description\":\"\",\"potentialAction\":[{\"@type\":\"SearchAction\",\"target\":{\"@type\":\"EntryPoint\",\"urlTemplate\":\"https:\/\/festivals.fi\/fr\/?s={search_term_string}\"},\"query-input\":{\"@type\":\"PropertyValueSpecification\",\"valueRequired\":true,\"valueName\":\"search_term_string\"}}],\"inLanguage\":\"fr-FR\"}]}<\/script>\n<!-- \/ Yoast SEO plugin. -->","yoast_head_json":{"title":"Page d\u2019accueil - Finland Festivals","description":"Finland Festivals est une organisation fa\u00eeti\u00e8re dont la grande exp\u00e9rience lui permet de vous orienter vers les festivals de Finlande les meilleurs. Outre","robots":{"index":"index","follow":"follow","max-snippet":"max-snippet:-1","max-image-preview":"max-image-preview:large","max-video-preview":"max-video-preview:-1"},"canonical":"https:\/\/festivals.fi\/fr\/","og_locale":"fr_FR","og_type":"article","og_title":"Page d\u2019accueil - Finland Festivals","og_description":"Finland Festivals est une organisation fa\u00eeti\u00e8re dont la grande exp\u00e9rience lui permet de vous orienter vers les festivals de Finlande les meilleurs. Outre","og_url":"https:\/\/festivals.fi\/fr\/","og_site_name":"Finland Festivals","article_modified_time":"2021-10-26T12:22:02+00:00","og_image":[{"width":1200,"height":630,"url":"https:\/\/festivals.fi\/wp-content\/uploads\/2021\/10\/OG_festivals.jpg","type":"image\/jpeg"}],"twitter_card":"summary_large_image","schema":{"@context":"https:\/\/schema.org","@graph":[{"@type":"WebPage","@id":"https:\/\/festivals.fi\/fr\/","url":"https:\/\/festivals.fi\/fr\/","name":"Page d\u2019accueil - Finland Festivals","isPartOf":{"@id":"https:\/\/festivals.fi\/fr\/#website"},"datePublished":"2021-02-26T12:40:03+00:00","dateModified":"2021-10-26T12:22:02+00:00","description":"Finland Festivals est une organisation fa\u00eeti\u00e8re dont la grande exp\u00e9rience lui permet de vous orienter vers les festivals de Finlande les meilleurs. Outre","breadcrumb":{"@id":"https:\/\/festivals.fi\/fr\/#breadcrumb"},"inLanguage":"fr-FR","potentialAction":[{"@type":"ReadAction","target":["https:\/\/festivals.fi\/fr\/"]}]},{"@type":"BreadcrumbList","@id":"https:\/\/festivals.fi\/fr\/#breadcrumb","itemListElement":[{"@type":"ListItem","position":1,"name":"Page d\u2019accueil","item":"https:\/\/festivals.fi\/fr\/"},{"@type":"ListItem","position":2,"name":"Page d\u2019accueil"}]},{"@type":"WebSite","@id":"https:\/\/festivals.fi\/fr\/#website","url":"https:\/\/festivals.fi\/fr\/","name":"Finland Festivals","description":"","potentialAction":[{"@type":"SearchAction","target":{"@type":"EntryPoint","urlTemplate":"https:\/\/festivals.fi\/fr\/?s={search_term_string}"},"query-input":{"@type":"PropertyValueSpecification","valueRequired":true,"valueName":"search_term_string"}}],"inLanguage":"fr-FR"}]}},"_links":{"self":[{"href":"https:\/\/festivals.fi\/fr\/wp-json\/wp\/v2\/pages\/64361","targetHints":{"allow":["GET"]}}],"collection":[{"href":"https:\/\/festivals.fi\/fr\/wp-json\/wp\/v2\/pages"}],"about":[{"href":"https:\/\/festivals.fi\/fr\/wp-json\/wp\/v2\/types\/page"}],"author":[{"embeddable":true,"href":"https:\/\/festivals.fi\/fr\/wp-json\/wp\/v2\/users\/1"}],"replies":[{"embeddable":true,"href":"https:\/\/festivals.fi\/fr\/wp-json\/wp\/v2\/comments?post=64361"}],"version-history":[{"count":6,"href":"https:\/\/festivals.fi\/fr\/wp-json\/wp\/v2\/pages\/64361\/revisions"}],"predecessor-version":[{"id":72396,"href":"https:\/\/festivals.fi\/fr\/wp-json\/wp\/v2\/pages\/64361\/revisions\/72396"}],"wp:attachment":[{"href":"https:\/\/festivals.fi\/fr\/wp-json\/wp\/v2\/media?parent=64361"}],"curies":[{"name":"wp","href":"https:\/\/api.w.org\/{rel}","templated":true}]}}