{"id":71117,"date":"2021-04-08T12:06:08","date_gmt":"2021-04-08T12:06:08","guid":{"rendered":"https:\/\/festivals.fi\/meista\/"},"modified":"2021-10-29T08:03:12","modified_gmt":"2021-10-29T08:03:12","slug":"verein","status":"publish","type":"page","link":"https:\/\/festivals.fi\/de\/verein\/","title":{"rendered":"Verein"},"content":{"rendered":"<h2>Finland Festivals<\/h2>\n<p>Finland Festivals ist ein Zusammenschluss der wichtigsten Festivals in Finnland und bietet rund um das Jahr eine bunte Vielfalt hochkar\u00e4tiger Kulturveranstaltungen im ganzen Land. Mit dabei sind neben Musikfestivals der unterschiedlichsten Musikrichtungen auch eine Vielzahl von Festivals mit Schwerpunkt Tanz, Theater, Literatur, bildende Kunst oder Film sowie farbenfrohe Kinderkulturfestivals.<\/p>\n<p>Finland Festivals ist eine nationale Dachorganisation, die sowohl auf kulturellem als auch auf touristischem Gebiet t\u00e4tig ist. Neben der Interessenvertretung der Mitgliedsfestivals z\u00e4hlen zu den Aufgaben des FF auch das Marketing, die \u00d6ffentlichkeitsarbeit, das Informationsmanagement sowie Forschung und Weiterbildung. Finnland Festivals ist ein gemeinn\u00fctziger, nicht nach Gewinn strebender Verein.<\/p>\n<p>Der Verein Finland Festivals unterst\u00fctzt die Arbeit der einzelnen Festivalveranstalter und vertritt die Interessen der Festivalbranche gegen\u00fcber dem Gesetzgeber. FF unterh\u00e4lt vertrauensvolle Beziehungen zu Entscheidungstr\u00e4gern und verbessert dadurch die Bedingungen f\u00fcr die Arbeit der Mitgliedsfestivals.<\/p>\n<p>F\u00fcr alle vertretenen Festivals koordiniert Finland Festivals die PR-Arbeit sowohl in Finnland als auch im Ausland. FF handelt f\u00fcr seine Mitglieder Kooperationsvereinbarungen aus, ist Ansprechpartner und Ratgeber bei Problemen und f\u00f6rdert kontinuierlich die Professionalit\u00e4t der Festivals durch die Organisation von Weiterbildungs- und Informationsveranstaltungen sowie Vernetzungstreffen und Ideenwerkst\u00e4tten. Der Dachverband FF bietet ein umfangreiches Informationsportal und ist gleichzeitig Stimme und Berater der finnischen Festivals, dessen Sachverstand immer gefragt ist, wenn Entscheidungen mit Auswirkungen auf die Arbeit der Festivals zu treffen sind.<\/p>\n","protected":false},"excerpt":{"rendered":"<p>Finland Festivals Finland Festivals ist ein Zusammenschluss der wichtigsten Festivals in Finnland und bietet rund um das Jahr eine bunte Vielfalt hochkar\u00e4tiger Kulturveranstaltungen im ganzen Land. Mit dabei sind neben Musikfestivals der unterschiedlichsten Musikrichtungen auch&hellip;<\/p>\n","protected":false},"author":1,"featured_media":148,"parent":0,"menu_order":0,"comment_status":"closed","ping_status":"closed","template":"","meta":{"_acf_changed":false,"footnotes":""},"class_list":["post-71117","page","type-page","status-publish","has-post-thumbnail","hentry"],"acf":[],"yoast_head":"<!-- This site is optimized with the Yoast SEO plugin v27.2 - https:\/\/yoast.com\/product\/yoast-seo-wordpress\/ -->\n<title>Verein - Finland Festivals<\/title>\n<meta name=\"description\" content=\"Finland Festivals Finland Festivals ist ein Zusammenschluss der wichtigsten Festivals in Finnland und bietet rund um das Jahr eine bunte Vielfalt\" \/>\n<meta name=\"robots\" content=\"index, follow, max-snippet:-1, max-image-preview:large, max-video-preview:-1\" \/>\n<link rel=\"canonical\" href=\"https:\/\/festivals.fi\/de\/verein\/\" \/>\n<meta property=\"og:locale\" content=\"de_DE\" \/>\n<meta property=\"og:type\" content=\"article\" \/>\n<meta property=\"og:title\" content=\"Verein - Finland Festivals\" \/>\n<meta property=\"og:description\" content=\"Finland Festivals Finland Festivals ist ein Zusammenschluss der wichtigsten Festivals in Finnland und bietet rund um das Jahr eine bunte Vielfalt\" \/>\n<meta property=\"og:url\" content=\"https:\/\/festivals.fi\/de\/verein\/\" \/>\n<meta property=\"og:site_name\" content=\"Finland Festivals\" \/>\n<meta property=\"article:modified_time\" content=\"2021-10-29T08:03:12+00:00\" \/>\n<meta property=\"og:image\" content=\"https:\/\/festivals.fi\/wp-content\/uploads\/2021\/04\/festivals-yhdistys.jpg\" \/>\n\t<meta property=\"og:image:width\" content=\"1920\" \/>\n\t<meta property=\"og:image:height\" content=\"572\" \/>\n\t<meta property=\"og:image:type\" content=\"image\/jpeg\" \/>\n<meta name=\"twitter:card\" content=\"summary_large_image\" \/>\n<meta name=\"twitter:label1\" content=\"Gesch\u00e4tzte Lesezeit\" \/>\n\t<meta name=\"twitter:data1\" content=\"1\u00a0Minute\" \/>\n<script type=\"application\/ld+json\" class=\"yoast-schema-graph\">{\"@context\":\"https:\/\/schema.org\",\"@graph\":[{\"@type\":\"WebPage\",\"@id\":\"https:\/\/festivals.fi\/de\/verein\/\",\"url\":\"https:\/\/festivals.fi\/de\/verein\/\",\"name\":\"Verein - Finland Festivals\",\"isPartOf\":{\"@id\":\"https:\/\/festivals.fi\/de\/#website\"},\"primaryImageOfPage\":{\"@id\":\"https:\/\/festivals.fi\/de\/verein\/#primaryimage\"},\"image\":{\"@id\":\"https:\/\/festivals.fi\/de\/verein\/#primaryimage\"},\"thumbnailUrl\":\"https:\/\/festivals.fi\/wp-content\/uploads\/2021\/04\/festivals-yhdistys.jpg\",\"datePublished\":\"2021-04-08T12:06:08+00:00\",\"dateModified\":\"2021-10-29T08:03:12+00:00\",\"description\":\"Finland Festivals Finland Festivals ist ein Zusammenschluss der wichtigsten Festivals in Finnland und bietet rund um das Jahr eine bunte Vielfalt\",\"breadcrumb\":{\"@id\":\"https:\/\/festivals.fi\/de\/verein\/#breadcrumb\"},\"inLanguage\":\"de\",\"potentialAction\":[{\"@type\":\"ReadAction\",\"target\":[\"https:\/\/festivals.fi\/de\/verein\/\"]}]},{\"@type\":\"ImageObject\",\"inLanguage\":\"de\",\"@id\":\"https:\/\/festivals.fi\/de\/verein\/#primaryimage\",\"url\":\"https:\/\/festivals.fi\/wp-content\/uploads\/2021\/04\/festivals-yhdistys.jpg\",\"contentUrl\":\"https:\/\/festivals.fi\/wp-content\/uploads\/2021\/04\/festivals-yhdistys.jpg\",\"width\":1920,\"height\":572},{\"@type\":\"BreadcrumbList\",\"@id\":\"https:\/\/festivals.fi\/de\/verein\/#breadcrumb\",\"itemListElement\":[{\"@type\":\"ListItem\",\"position\":1,\"name\":\"Startseite\",\"item\":\"https:\/\/festivals.fi\/de\/\"},{\"@type\":\"ListItem\",\"position\":2,\"name\":\"Verein\"}]},{\"@type\":\"WebSite\",\"@id\":\"https:\/\/festivals.fi\/de\/#website\",\"url\":\"https:\/\/festivals.fi\/de\/\",\"name\":\"Finland Festivals\",\"description\":\"\",\"potentialAction\":[{\"@type\":\"SearchAction\",\"target\":{\"@type\":\"EntryPoint\",\"urlTemplate\":\"https:\/\/festivals.fi\/de\/?s={search_term_string}\"},\"query-input\":{\"@type\":\"PropertyValueSpecification\",\"valueRequired\":true,\"valueName\":\"search_term_string\"}}],\"inLanguage\":\"de\"}]}<\/script>\n<!-- \/ Yoast SEO plugin. -->","yoast_head_json":{"title":"Verein - Finland Festivals","description":"Finland Festivals Finland Festivals ist ein Zusammenschluss der wichtigsten Festivals in Finnland und bietet rund um das Jahr eine bunte Vielfalt","robots":{"index":"index","follow":"follow","max-snippet":"max-snippet:-1","max-image-preview":"max-image-preview:large","max-video-preview":"max-video-preview:-1"},"canonical":"https:\/\/festivals.fi\/de\/verein\/","og_locale":"de_DE","og_type":"article","og_title":"Verein - Finland Festivals","og_description":"Finland Festivals Finland Festivals ist ein Zusammenschluss der wichtigsten Festivals in Finnland und bietet rund um das Jahr eine bunte Vielfalt","og_url":"https:\/\/festivals.fi\/de\/verein\/","og_site_name":"Finland Festivals","article_modified_time":"2021-10-29T08:03:12+00:00","og_image":[{"width":1920,"height":572,"url":"https:\/\/festivals.fi\/wp-content\/uploads\/2021\/04\/festivals-yhdistys.jpg","type":"image\/jpeg"}],"twitter_card":"summary_large_image","twitter_misc":{"Gesch\u00e4tzte Lesezeit":"1\u00a0Minute"},"schema":{"@context":"https:\/\/schema.org","@graph":[{"@type":"WebPage","@id":"https:\/\/festivals.fi\/de\/verein\/","url":"https:\/\/festivals.fi\/de\/verein\/","name":"Verein - Finland Festivals","isPartOf":{"@id":"https:\/\/festivals.fi\/de\/#website"},"primaryImageOfPage":{"@id":"https:\/\/festivals.fi\/de\/verein\/#primaryimage"},"image":{"@id":"https:\/\/festivals.fi\/de\/verein\/#primaryimage"},"thumbnailUrl":"https:\/\/festivals.fi\/wp-content\/uploads\/2021\/04\/festivals-yhdistys.jpg","datePublished":"2021-04-08T12:06:08+00:00","dateModified":"2021-10-29T08:03:12+00:00","description":"Finland Festivals Finland Festivals ist ein Zusammenschluss der wichtigsten Festivals in Finnland und bietet rund um das Jahr eine bunte Vielfalt","breadcrumb":{"@id":"https:\/\/festivals.fi\/de\/verein\/#breadcrumb"},"inLanguage":"de","potentialAction":[{"@type":"ReadAction","target":["https:\/\/festivals.fi\/de\/verein\/"]}]},{"@type":"ImageObject","inLanguage":"de","@id":"https:\/\/festivals.fi\/de\/verein\/#primaryimage","url":"https:\/\/festivals.fi\/wp-content\/uploads\/2021\/04\/festivals-yhdistys.jpg","contentUrl":"https:\/\/festivals.fi\/wp-content\/uploads\/2021\/04\/festivals-yhdistys.jpg","width":1920,"height":572},{"@type":"BreadcrumbList","@id":"https:\/\/festivals.fi\/de\/verein\/#breadcrumb","itemListElement":[{"@type":"ListItem","position":1,"name":"Startseite","item":"https:\/\/festivals.fi\/de\/"},{"@type":"ListItem","position":2,"name":"Verein"}]},{"@type":"WebSite","@id":"https:\/\/festivals.fi\/de\/#website","url":"https:\/\/festivals.fi\/de\/","name":"Finland Festivals","description":"","potentialAction":[{"@type":"SearchAction","target":{"@type":"EntryPoint","urlTemplate":"https:\/\/festivals.fi\/de\/?s={search_term_string}"},"query-input":{"@type":"PropertyValueSpecification","valueRequired":true,"valueName":"search_term_string"}}],"inLanguage":"de"}]}},"_links":{"self":[{"href":"https:\/\/festivals.fi\/de\/wp-json\/wp\/v2\/pages\/71117","targetHints":{"allow":["GET"]}}],"collection":[{"href":"https:\/\/festivals.fi\/de\/wp-json\/wp\/v2\/pages"}],"about":[{"href":"https:\/\/festivals.fi\/de\/wp-json\/wp\/v2\/types\/page"}],"author":[{"embeddable":true,"href":"https:\/\/festivals.fi\/de\/wp-json\/wp\/v2\/users\/1"}],"replies":[{"embeddable":true,"href":"https:\/\/festivals.fi\/de\/wp-json\/wp\/v2\/comments?post=71117"}],"version-history":[{"count":4,"href":"https:\/\/festivals.fi\/de\/wp-json\/wp\/v2\/pages\/71117\/revisions"}],"predecessor-version":[{"id":72938,"href":"https:\/\/festivals.fi\/de\/wp-json\/wp\/v2\/pages\/71117\/revisions\/72938"}],"wp:featuredmedia":[{"embeddable":true,"href":"https:\/\/festivals.fi\/de\/wp-json\/wp\/v2\/media\/148"}],"wp:attachment":[{"href":"https:\/\/festivals.fi\/de\/wp-json\/wp\/v2\/media?parent=71117"}],"curies":[{"name":"wp","href":"https:\/\/api.w.org\/{rel}","templated":true}]}}